{"id":4476,"date":"2023-05-16T10:53:01","date_gmt":"2023-05-16T08:53:01","guid":{"rendered":"https:\/\/www.flicflac.de\/wpbackup\/?page_id=4476"},"modified":"2023-05-16T11:16:34","modified_gmt":"2023-05-16T09:16:34","slug":"show-schlemm","status":"publish","type":"page","link":"https:\/\/www.flicflac.de\/wpbackup\/duisburg\/show-schlemm\/","title":{"rendered":"Show &#038; Schlemm in Duisburg"},"content":{"rendered":"\n<div class=\"wp-block-nk-awb nk-awb nk-awb-fullheight nk-awb-content-valign-center h50\"><div class=\"nk-awb-wrap\" data-awb-type=\"image\" data-awb-parallax=\"scroll\" data-awb-parallax-speed=\"0.8\" data-awb-parallax-mobile=\"true\" data-awb-image-background-size=\"cover\" data-awb-image-background-position=\"50% 49%\"><div class=\"nk-awb-overlay\" style=\"background: rgba(33, 33, 33, 0.74);\"><\/div><div class=\"nk-awb-inner\"><img loading=\"lazy\" decoding=\"async\" src=\"https:\/\/www.flicflac.de\/wpbackup\/wp-content\/uploads\/2022\/07\/buffet-scaled.jpeg\" class=\"wp-image-3434 jarallax-img\" width=\"2560\" height=\"1707\" srcset=\"https:\/\/www.flicflac.de\/wpbackup\/wp-content\/uploads\/2022\/07\/buffet-scaled.jpeg 2560w, https:\/\/www.flicflac.de\/wpbackup\/wp-content\/uploads\/2022\/07\/buffet-300x200.jpeg 300w, https:\/\/www.flicflac.de\/wpbackup\/wp-content\/uploads\/2022\/07\/buffet-1024x683.jpeg 1024w, https:\/\/www.flicflac.de\/wpbackup\/wp-content\/uploads\/2022\/07\/buffet-768x512.jpeg 768w, https:\/\/www.flicflac.de\/wpbackup\/wp-content\/uploads\/2022\/07\/buffet-1536x1024.jpeg 1536w, https:\/\/www.flicflac.de\/wpbackup\/wp-content\/uploads\/2022\/07\/buffet-2048x1366.jpeg 2048w, https:\/\/www.flicflac.de\/wpbackup\/wp-content\/uploads\/2022\/07\/buffet-500x333.jpeg 500w, https:\/\/www.flicflac.de\/wpbackup\/wp-content\/uploads\/2022\/07\/buffet-800x533.jpeg 800w, https:\/\/www.flicflac.de\/wpbackup\/wp-content\/uploads\/2022\/07\/buffet-1280x853.jpeg 1280w, https:\/\/www.flicflac.de\/wpbackup\/wp-content\/uploads\/2022\/07\/buffet-1920x1280.jpeg 1920w\" sizes=\"auto, (max-width: 2560px) 100vw, 2560px\" \/><\/div><\/div><div class=\"nk-awb-wrap-content is-layout-constrained wp-block-nk-awb-is-layout-constrained\">\n<h2 class=\"wp-block-heading has-text-align-center\">Show &amp; Schlemm Duisburg<\/h2>\n\n\n\n<h5 class=\"wp-block-heading has-text-align-center\">Genie\u00dft unsere Show mit einem leckerem Men\u00fc vor oder nach der Show!<\/h5>\n\n\n\n<div class=\"borderbottomholder\">\n <svg height=\"100\" width=\"100%\" viewBox=\"0 0 100 100\" preserveAspectRatio=\"none\">\n   <polygon points=\"0,100 100,100 100,30\" style=\"fill:#000000;\"><\/polygon>\n <\/svg>\n<\/div>\n<\/div><\/div>\n\n\n\n<div id=\"gruppen\" class=\"wp-block-group has-no-padding\"><div class=\"wp-block-group__inner-container is-layout-flow wp-block-group-is-layout-flow\"><div class=\"wp-bootstrap-blocks-container container mb-2\">\n\t\n\n<p class=\"has-text-align-center\">Mit FLIC FLACs Show &amp; Schlemm bieten wir Euch zum ersten Mal Dinner-Gastronomie in Buffetform &#8211; mit frischen Vorspeisen, einer Auswahl warmer Hauptspeisen und raffinierten Dessert.<\/p>\n\n\n\n<p class=\"has-text-align-center\">In unserer hauseigenen K\u00fcche kreieren wir euch spannende Buffetvariationen und machen euren Besuch bei uns so zu einem unvergesslichen Erlebnis.<\/p>\n\n\n\n<p class=\"has-text-align-center\">Au\u00dferdem beinhaltet das Buffet eine Getr\u00e4nkepauschale mit Wasser, Softdrinks, Bier, Wein und Sekt f\u00fcr die Zeit des Buffets ab zwei Stunden vor der Abendvorstellung (in der Regel ab 18:00 Uhr).<\/p>\n\n\n\n<p class=\"has-text-align-center\">Das Buffet findet immer um 18:00 Uhr in unserem Vorzelt statt. Show &amp; Schlemm ist f\u00fcr die Nachmittags- und Abendshow buchbar und findet entsprechend vor oder nach Ihrer Wunschshow statt.<\/p>\n\n\n\n<div style=\"height:50px\" aria-hidden=\"true\" class=\"wp-block-spacer\"><\/div>\n\n\n\n<h3 class=\"wp-block-heading has-text-align-center font-tech has-text-color\" style=\"color:#ffea00\"><strong>Normalpreis<\/strong><br>54,50\u20ac \/ Person*<br><strong>Kinder bis 13<br><\/strong>49\u20ac \/ Person*<\/h3>\n\n\n\n<div style=\"height:50px\" aria-hidden=\"true\" class=\"wp-block-spacer\"><\/div>\n\n\n\n<p class=\"has-text-align-center\">*Preise exklusive Tickets, inklusive Getr\u00e4nke (Softdrinks, Bier, Wein, Sekt) &amp; inklusive Geb\u00fchren und MwSt.<br>Beinhaltet die Teilnahme am Show &amp; Schlemm Buffet um 18:00 Uhr. Begrenzte Kapazit\u00e4t. Buchung bis sp\u00e4testens 10 Tage vor Veranstaltung. Die Teilnahme erfolgt vor oder nach der Show &#8211; je nach Ticketbuchung<\/p>\n\n<\/div>\n<\/div><\/div>\n\n\n\n<div class=\"wp-block-columns gaenge is-layout-flex wp-container-core-columns-is-layout-9d6595d7 wp-block-columns-is-layout-flex\">\n<div class=\"wp-block-column is-layout-flow wp-block-column-is-layout-flow\">\n<div class=\"wp-block-cover is-light\"><span aria-hidden=\"true\" class=\"wp-block-cover__background has-background-dim\"><\/span><img loading=\"lazy\" decoding=\"async\" width=\"1024\" height=\"683\" class=\"wp-block-cover__image-background wp-image-4430\" alt=\"\" src=\"https:\/\/www.flicflac.de\/wpbackup\/wp-content\/uploads\/2023\/05\/shutterstock_1742196611-1024x683.jpg\" data-object-fit=\"cover\" srcset=\"https:\/\/www.flicflac.de\/wpbackup\/wp-content\/uploads\/2023\/05\/shutterstock_1742196611-1024x683.jpg 1024w, https:\/\/www.flicflac.de\/wpbackup\/wp-content\/uploads\/2023\/05\/shutterstock_1742196611-300x200.jpg 300w, https:\/\/www.flicflac.de\/wpbackup\/wp-content\/uploads\/2023\/05\/shutterstock_1742196611-768x513.jpg 768w, https:\/\/www.flicflac.de\/wpbackup\/wp-content\/uploads\/2023\/05\/shutterstock_1742196611-1536x1025.jpg 1536w, https:\/\/www.flicflac.de\/wpbackup\/wp-content\/uploads\/2023\/05\/shutterstock_1742196611-2048x1367.jpg 2048w, https:\/\/www.flicflac.de\/wpbackup\/wp-content\/uploads\/2023\/05\/shutterstock_1742196611-500x334.jpg 500w, https:\/\/www.flicflac.de\/wpbackup\/wp-content\/uploads\/2023\/05\/shutterstock_1742196611-800x534.jpg 800w, https:\/\/www.flicflac.de\/wpbackup\/wp-content\/uploads\/2023\/05\/shutterstock_1742196611-1280x854.jpg 1280w, https:\/\/www.flicflac.de\/wpbackup\/wp-content\/uploads\/2023\/05\/shutterstock_1742196611-1920x1281.jpg 1920w\" sizes=\"auto, (max-width: 1024px) 100vw, 1024px\" \/><div class=\"wp-block-cover__inner-container is-layout-flow wp-block-cover-is-layout-flow\">\n<h2 class=\"wp-block-heading has-text-align-center has-ffweiss-color has-text-color has-large-font-size\">Vorspeisen<\/h2>\n<\/div><\/div>\n\n\n\n<div style=\"height:1vw\" aria-hidden=\"true\" class=\"wp-block-spacer\"><\/div>\n\n\n\n<p class=\"has-text-align-center\">Brotkorb mit Kr\u00e4uterbutter<\/p>\n\n\n\n<p class=\"has-text-align-center\">Frischer Salat mit Hausdressing<\/p>\n\n\n\n<p class=\"has-text-align-center\">K\u00e4seplatte<\/p>\n<\/div>\n\n\n\n<div class=\"wp-block-column is-layout-flow wp-block-column-is-layout-flow\">\n<div class=\"wp-block-cover\"><span aria-hidden=\"true\" class=\"wp-block-cover__background has-background-dim\"><\/span><img loading=\"lazy\" decoding=\"async\" width=\"2560\" height=\"1707\" class=\"wp-block-cover__image-background wp-image-4483\" alt=\"\" src=\"https:\/\/www.flicflac.de\/wpbackup\/wp-content\/uploads\/2023\/05\/hauptspeise-scaled.jpg\" data-object-fit=\"cover\" srcset=\"https:\/\/www.flicflac.de\/wpbackup\/wp-content\/uploads\/2023\/05\/hauptspeise-scaled.jpg 2560w, https:\/\/www.flicflac.de\/wpbackup\/wp-content\/uploads\/2023\/05\/hauptspeise-300x200.jpg 300w, https:\/\/www.flicflac.de\/wpbackup\/wp-content\/uploads\/2023\/05\/hauptspeise-1024x683.jpg 1024w, https:\/\/www.flicflac.de\/wpbackup\/wp-content\/uploads\/2023\/05\/hauptspeise-768x512.jpg 768w, https:\/\/www.flicflac.de\/wpbackup\/wp-content\/uploads\/2023\/05\/hauptspeise-1536x1024.jpg 1536w, https:\/\/www.flicflac.de\/wpbackup\/wp-content\/uploads\/2023\/05\/hauptspeise-2048x1365.jpg 2048w, https:\/\/www.flicflac.de\/wpbackup\/wp-content\/uploads\/2023\/05\/hauptspeise-500x333.jpg 500w, https:\/\/www.flicflac.de\/wpbackup\/wp-content\/uploads\/2023\/05\/hauptspeise-800x533.jpg 800w, https:\/\/www.flicflac.de\/wpbackup\/wp-content\/uploads\/2023\/05\/hauptspeise-1280x853.jpg 1280w, https:\/\/www.flicflac.de\/wpbackup\/wp-content\/uploads\/2023\/05\/hauptspeise-1920x1280.jpg 1920w\" sizes=\"auto, (max-width: 2560px) 100vw, 2560px\" \/><div class=\"wp-block-cover__inner-container is-layout-flow wp-block-cover-is-layout-flow\">\n<h2 class=\"wp-block-heading has-text-align-center has-ffweiss-color has-text-color has-large-font-size\">Hauptspeisen<\/h2>\n<\/div><\/div>\n\n\n\n<div style=\"height:1vw\" aria-hidden=\"true\" class=\"wp-block-spacer\"><\/div>\n\n\n\n<p class=\"has-text-align-center\">Krustenbraten mit Kartoffelgratin &amp; Gem\u00fcse<\/p>\n\n\n\n<p class=\"has-text-align-center\">H\u00e4hnchengeschn\u00e4tzeltes mit Sp\u00e4tzle<\/p>\n\n\n\n<p class=\"has-text-align-center\">Paprika-Ries-Pfanne mit Jogurtso\u00dfe (vegetarisch)<\/p>\n<\/div>\n\n\n\n<div class=\"wp-block-column is-layout-flow wp-block-column-is-layout-flow\">\n<div class=\"wp-block-cover\"><span aria-hidden=\"true\" class=\"wp-block-cover__background has-background-dim\"><\/span><img loading=\"lazy\" decoding=\"async\" width=\"2560\" height=\"1707\" class=\"wp-block-cover__image-background wp-image-4484\" alt=\"\" src=\"https:\/\/www.flicflac.de\/wpbackup\/wp-content\/uploads\/2023\/05\/shutterstock_248119738-scaled.jpg\" data-object-fit=\"cover\" srcset=\"https:\/\/www.flicflac.de\/wpbackup\/wp-content\/uploads\/2023\/05\/shutterstock_248119738-scaled.jpg 2560w, https:\/\/www.flicflac.de\/wpbackup\/wp-content\/uploads\/2023\/05\/shutterstock_248119738-300x200.jpg 300w, https:\/\/www.flicflac.de\/wpbackup\/wp-content\/uploads\/2023\/05\/shutterstock_248119738-1024x683.jpg 1024w, https:\/\/www.flicflac.de\/wpbackup\/wp-content\/uploads\/2023\/05\/shutterstock_248119738-768x512.jpg 768w, https:\/\/www.flicflac.de\/wpbackup\/wp-content\/uploads\/2023\/05\/shutterstock_248119738-1536x1024.jpg 1536w, https:\/\/www.flicflac.de\/wpbackup\/wp-content\/uploads\/2023\/05\/shutterstock_248119738-2048x1365.jpg 2048w, https:\/\/www.flicflac.de\/wpbackup\/wp-content\/uploads\/2023\/05\/shutterstock_248119738-500x333.jpg 500w, https:\/\/www.flicflac.de\/wpbackup\/wp-content\/uploads\/2023\/05\/shutterstock_248119738-800x533.jpg 800w, https:\/\/www.flicflac.de\/wpbackup\/wp-content\/uploads\/2023\/05\/shutterstock_248119738-1280x853.jpg 1280w, https:\/\/www.flicflac.de\/wpbackup\/wp-content\/uploads\/2023\/05\/shutterstock_248119738-1920x1280.jpg 1920w\" sizes=\"auto, (max-width: 2560px) 100vw, 2560px\" \/><div class=\"wp-block-cover__inner-container is-layout-flow wp-block-cover-is-layout-flow\">\n<h2 class=\"wp-block-heading has-text-align-center has-ffweiss-color has-text-color has-large-font-size\">Nachtisch<\/h2>\n<\/div><\/div>\n\n\n\n<div style=\"height:1vw\" aria-hidden=\"true\" class=\"wp-block-spacer\"><\/div>\n\n\n\n<p class=\"has-text-align-center\">Schoko-Creme<\/p>\n\n\n\n<p class=\"has-text-align-center\">Quark-Mascarpone<\/p>\n<\/div>\n<\/div>\n\n\n\n<div style=\"height:100px\" aria-hidden=\"true\" class=\"wp-block-spacer\"><\/div>\n\n\n\n<div id=\"kontakt\" class=\"wp-block-group\"><div class=\"wp-block-group__inner-container is-layout-flow wp-block-group-is-layout-flow\"><div class=\"wp-bootstrap-blocks-container container-sm mb-2\">\n\t\n\n<div class=\"wp-block-columns is-layout-flex wp-container-core-columns-is-layout-9d6595d7 wp-block-columns-is-layout-flex\">\n<div class=\"wp-block-column is-layout-flow wp-block-column-is-layout-flow\">\n<h2 class=\"wp-block-heading has-text-align-left font-tech\">Jetzt anfragen!<\/h2>\n\n\n\n<p class=\"has-text-align-left\">Ihr habt Interesse? Schreibt uns eine unverbindliche Anfrage und wir buchen euer Show &amp; Schlemm Paket zu eurem Wunschtermin.<\/p>\n<\/div>\n\n\n\n<div class=\"wp-block-column is-layout-flow wp-block-column-is-layout-flow\"><div class=\"wpforms-container wpforms-container-full wpforms-block\" id=\"wpforms-3440\"><form id=\"wpforms-form-3440\" class=\"wpforms-validate wpforms-form\" data-formid=\"3440\" method=\"post\" enctype=\"multipart\/form-data\" action=\"\/wpbackup\/wp-json\/wp\/v2\/pages\/4476\" data-token=\"257d3dab450d73103f51fd6cbe73c080\"><noscript class=\"wpforms-error-noscript\">Bitte aktiviere JavaScript in deinem Browser, um dieses Formular fertigzustellen.<\/noscript><div class=\"wpforms-field-container\"><div id=\"wpforms-3440-field_6-container\" class=\"wpforms-field wpforms-field-text\" data-field-id=\"6\"><label class=\"wpforms-field-label wpforms-label-hide\" for=\"wpforms-3440-field_6\">Name <span class=\"wpforms-required-label\">*<\/span><\/label><input type=\"text\" id=\"wpforms-3440-field_6\" class=\"wpforms-field-large wpforms-field-required\" name=\"wpforms[fields][6]\" placeholder=\"Ihr Name\" required><\/div><div id=\"wpforms-3440-field_2-container\" class=\"wpforms-field wpforms-field-email\" data-field-id=\"2\"><label class=\"wpforms-field-label wpforms-label-hide\" for=\"wpforms-3440-field_2\">E-Mail <span class=\"wpforms-required-label\">*<\/span><\/label><input type=\"email\" id=\"wpforms-3440-field_2\" class=\"wpforms-field-large wpforms-field-required\" name=\"wpforms[fields][2]\" placeholder=\"eMail-Adresse\" spellcheck=\"false\" required><\/div><div id=\"wpforms-3440-field_11-container\" class=\"wpforms-field wpforms-field-number-slider\" data-field-id=\"11\"><label class=\"wpforms-field-label\" for=\"wpforms-3440-field_11\">Personenzahl<\/label>\n<input\n\ttype=\"range\"\n\tid=\"wpforms-3440-field_11\" class=\"wpforms-field-large\" name=\"wpforms[fields][11]\" value=\"2\"\t\tvalue=\"2\"\n\tmin=\"2\"\n\tmax=\"50\"\n\tstep=\"1\">\n\n<div class=\"wpforms-field-number-slider-hint\"\n\tdata-hint=\"Ausgew\u00e4hlter Wert: {value}\">\n\tAusgew\u00e4hlter Wert: <b>2<\/b><\/div>\n<\/div><div id=\"wpforms-3440-field_9-container\" class=\"wpforms-field wpforms-field-date-time\" data-field-id=\"9\"><label class=\"wpforms-field-label wpforms-label-hide\" for=\"wpforms-3440-field_9\">Datum\/Zeit<\/label><div class=\"wpforms-field-row wpforms-field-large\"><div class=\"wpforms-field-row-block wpforms-date-type-datepicker\"><div class=\"wpforms-datepicker-wrap\"><input type=\"text\" id=\"wpforms-3440-field_9\" class=\"wpforms-field-date-time-date wpforms-datepicker\" data-date-format=\"d\/m\/Y\" data-disable-past-dates=\"1\" data-input=\"true\" name=\"wpforms[fields][9][date]\" ><a title=\"Datum leeren\" data-clear class=\"wpforms-datepicker-clear\" style=\"display:none;\"><\/a><\/div><label for=\"wpforms-3440-field_9\" class=\"wpforms-field-sublabel after \">Datum<\/label><\/div><div class=\"wpforms-field-row-block\"><input type=\"text\" id=\"wpforms-3440-field_9-time\" class=\"wpforms-field-date-time-time wpforms-timepicker\" data-time-format=\"H:i\" data-step=\"60\" data-rule-time24h=\"true\" name=\"wpforms[fields][9][time]\" ><label for=\"wpforms-3440-field_9-time\" class=\"wpforms-field-sublabel after \">Zeit<\/label><\/div><\/div><\/div><div id=\"wpforms-3440-field_3-container\" class=\"wpforms-field wpforms-field-textarea wpforms-texfield\" data-field-id=\"3\"><label class=\"wpforms-field-label wpforms-label-hide\" for=\"wpforms-3440-field_3\">Nachricht <span class=\"wpforms-required-label\">*<\/span><\/label><textarea id=\"wpforms-3440-field_3\" class=\"wpforms-field-large wpforms-field-required\" name=\"wpforms[fields][3]\" placeholder=\"Ihre Nachricht\" required><\/textarea><\/div><div id=\"wpforms-3440-field_12-container\" class=\"wpforms-field wpforms-field-html\" data-field-id=\"12\"><div id=\"wpforms-3440-field_12\"><p class=\"has-small-font-size\">Die hier eingegebenen Daten werden ausschlie\u00dflich zum oben genannten Zweck verwendet. Es erfolgt keine Nutzung zu Werbezwecken oder Weitergabe an Dritte. Das Formular wird durch reCAPTCHA gesch\u00fctzt und es gelten die <a rel=\"noreferrer noopener\" target=\"_blank\" href=\"https:\/\/policies.google.com\/privacy\">Datenschutzbestimmungen<\/a> und <a rel=\"noreferrer noopener\" target=\"_blank\" href=\"https:\/\/policies.google.com\/terms\">Nutzungsbedingungen<\/a> von Google. <\/p><\/div><\/div><\/div><!-- .wpforms-field-container --><div class=\"wpforms-recaptcha-container wpforms-is-recaptcha\" ><div class=\"g-recaptcha\" data-sitekey=\"6LdvQOIbAAAAAPJDV2ZM_OKUlHucvPsUs-f_Soxw\"><\/div><input type=\"text\" name=\"g-recaptcha-hidden\" class=\"wpforms-recaptcha-hidden\" style=\"position:absolute!important;clip:rect(0,0,0,0)!important;height:1px!important;width:1px!important;border:0!important;overflow:hidden!important;padding:0!important;margin:0!important;\" data-rule-recaptcha=\"1\"><\/div><div class=\"wpforms-submit-container\" ><input type=\"hidden\" name=\"wpforms[id]\" value=\"3440\"><input type=\"hidden\" name=\"wpforms[author]\" value=\"1\"><button type=\"submit\" name=\"wpforms[submit]\" id=\"wpforms-submit-3440\" class=\"wpforms-submit\" data-alt-text=\"Senden...\" data-submit-text=\"Absenden\" aria-live=\"assertive\" value=\"wpforms-submit\">Absenden<\/button><\/div><\/form><\/div>  <!-- .wpforms-container --><\/div>\n<\/div>\n\n<\/div>\n<\/div><\/div>\n\n\n\n<div class=\"wp-block-group alignfull\" id=\"partner\"><div class=\"wp-block-group__inner-container is-layout-flow wp-block-group-is-layout-flow\">\n<div style=\"height:100px\" aria-hidden=\"true\" class=\"wp-block-spacer\"><\/div>\n\n\n<div class=\"wp-bootstrap-blocks-container container mb-2\">\n\t\n\n<h3 class=\"wp-block-heading has-text-align-center font-tech\" id=\"h-unsere-partner\">Unsere Partner<\/h3>\n\n\n\n<div class=\"wp-block-columns is-layout-flex wp-container-core-columns-is-layout-9d6595d7 wp-block-columns-is-layout-flex\">\n<div class=\"wp-block-column is-vertically-aligned-center is-layout-flow wp-block-column-is-layout-flow\"><div class=\"wp-block-image sponsor\">\n<figure class=\"aligncenter size-full\"><a href=\"https:\/\/www.reservix.de\" target=\"_blank\" rel=\"noopener\"><img loading=\"lazy\" decoding=\"async\" width=\"264\" height=\"100\" src=\"https:\/\/www.flicflac.de\/wpbackup\/wp-content\/uploads\/2021\/07\/reservix.png\" alt=\"\" class=\"wp-image-1683\"\/><\/a><\/figure>\n<\/div><\/div>\n<\/div>\n\n<\/div>\n<\/div><\/div>\n\n\n\n<p><\/p>\n","protected":false},"excerpt":{"rendered":"<p>Brotkorb mit Kr\u00e4uterbutter Frischer Salat mit Hausdressing K\u00e4seplatte Krustenbraten mit Kartoffelgratin &amp; Gem\u00fcse H\u00e4hnchengeschn\u00e4tzeltes mit Sp\u00e4tzle Paprika-Ries-Pfanne mit Jogurtso\u00dfe (vegetarisch) Schoko-Creme Quark-Mascarpone<\/p>\n","protected":false},"author":1,"featured_media":0,"parent":3620,"menu_order":0,"comment_status":"closed","ping_status":"closed","template":"","meta":{"_uag_custom_page_level_css":"","footnotes":""},"class_list":["post-4476","page","type-page","status-publish","hentry"],"uagb_featured_image_src":{"full":false,"thumbnail":false,"medium":false,"medium_large":false,"large":false,"1536x1536":false,"2048x2048":false,"awb_sm":false,"awb_md":false,"awb_lg":false,"awb_xl":false},"uagb_author_info":{"display_name":"flicflacadmin","author_link":"https:\/\/www.flicflac.de\/wpbackup\/author\/flicflacadmin\/"},"uagb_comment_info":0,"uagb_excerpt":"Brotkorb mit Kr\u00e4uterbutter Frischer Salat mit Hausdressing K\u00e4seplatte Krustenbraten mit Kartoffelgratin &amp; Gem\u00fcse H\u00e4hnchengeschn\u00e4tzeltes mit Sp\u00e4tzle Paprika-Ries-Pfanne mit Jogurtso\u00dfe (vegetarisch) Schoko-Creme Quark-Mascarpone","_links":{"self":[{"href":"https:\/\/www.flicflac.de\/wpbackup\/wp-json\/wp\/v2\/pages\/4476","targetHints":{"allow":["GET"]}}],"collection":[{"href":"https:\/\/www.flicflac.de\/wpbackup\/wp-json\/wp\/v2\/pages"}],"about":[{"href":"https:\/\/www.flicflac.de\/wpbackup\/wp-json\/wp\/v2\/types\/page"}],"author":[{"embeddable":true,"href":"https:\/\/www.flicflac.de\/wpbackup\/wp-json\/wp\/v2\/users\/1"}],"replies":[{"embeddable":true,"href":"https:\/\/www.flicflac.de\/wpbackup\/wp-json\/wp\/v2\/comments?post=4476"}],"version-history":[{"count":5,"href":"https:\/\/www.flicflac.de\/wpbackup\/wp-json\/wp\/v2\/pages\/4476\/revisions"}],"predecessor-version":[{"id":4487,"href":"https:\/\/www.flicflac.de\/wpbackup\/wp-json\/wp\/v2\/pages\/4476\/revisions\/4487"}],"up":[{"embeddable":true,"href":"https:\/\/www.flicflac.de\/wpbackup\/wp-json\/wp\/v2\/pages\/3620"}],"wp:attachment":[{"href":"https:\/\/www.flicflac.de\/wpbackup\/wp-json\/wp\/v2\/media?parent=4476"}],"curies":[{"name":"wp","href":"https:\/\/api.w.org\/{rel}","templated":true}]}}